{"id":17,"date":"2020-01-31T14:56:42","date_gmt":"2020-01-31T14:56:42","guid":{"rendered":"http:\/\/wordpress.hof-rosenthal.de\/?page_id=17"},"modified":"2024-03-06T17:19:42","modified_gmt":"2024-03-06T17:19:42","slug":"verkaufspferde","status":"publish","type":"page","link":"http:\/\/wordpress.hof-rosenthal.de\/?page_id=17","title":{"rendered":"Verkaufspferde"},"content":{"rendered":"\n<p> Bei uns finden Sie st\u00e4ndig eine gro\u00dfe Auswahl an kompetenten und  liebevoll ausgebildeten Verkaufspferden. Unser Schwerpunkt liegt klar im  Bereich der vielversprechenden Nachwuchsaspiranten bester Qualit\u00e4t aus  eigener Zucht und Aufzucht, aber auch hochausgebildete und erfolgreiche  Sportpferde sowie charakterstarke Freizeitpferde sind bei uns zu Hause.<\/p>\n\n\n\n<p>Wir  freuen uns \u00fcber einen&nbsp; Bundeschampionatsteilnehmer, einen  Bundeschampion,&nbsp; gek\u00f6rte Hengste und international bis Grand Prix  erfolgreiche Dressurpferde aus unserer Zucht und Aufzucht sowie \u00fcber das  Vertrauen, dass uns seit langem Kunden im In- und Ausland  entgegenbringen. <\/p>\n\n\n\n<p><\/p>\n\n\n\n<p><\/p>\n\n\n\n<div class=\"wp-block-group is-layout-flow wp-block-group-is-layout-flow\"><div class=\"wp-block-group__inner-container\"><\/div><\/div>\n\n\n\n<p><\/p>\n","protected":false},"excerpt":{"rendered":"<p>Bei uns finden Sie st\u00e4ndig eine gro\u00dfe Auswahl an kompetenten und liebevoll ausgebildeten Verkaufspferden. Unser Schwerpunkt liegt klar im Bereich der vielversprechenden Nachwuchsaspiranten bester Qualit\u00e4t aus eigener Zucht und Aufzucht, aber auch hochausgebildete und erfolgreiche Sportpferde sowie charakterstarke Freizeitpferde sind bei uns zu Hause. Wir freuen uns \u00fcber einen&nbsp; Bundeschampionatsteilnehmer, einen Bundeschampion,&nbsp; gek\u00f6rte Hengste und [&hellip;]<\/p>\n","protected":false},"author":1,"featured_media":0,"parent":0,"menu_order":0,"comment_status":"closed","ping_status":"closed","template":"","meta":{"ngg_post_thumbnail":0,"footnotes":"","gt_page_layout":"","gt_hide_page_title":false,"gt_remove_bottom_margin":false},"_links":{"self":[{"href":"http:\/\/wordpress.hof-rosenthal.de\/index.php?rest_route=\/wp\/v2\/pages\/17"}],"collection":[{"href":"http:\/\/wordpress.hof-rosenthal.de\/index.php?rest_route=\/wp\/v2\/pages"}],"about":[{"href":"http:\/\/wordpress.hof-rosenthal.de\/index.php?rest_route=\/wp\/v2\/types\/page"}],"author":[{"embeddable":true,"href":"http:\/\/wordpress.hof-rosenthal.de\/index.php?rest_route=\/wp\/v2\/users\/1"}],"replies":[{"embeddable":true,"href":"http:\/\/wordpress.hof-rosenthal.de\/index.php?rest_route=%2Fwp%2Fv2%2Fcomments&post=17"}],"version-history":[{"count":35,"href":"http:\/\/wordpress.hof-rosenthal.de\/index.php?rest_route=\/wp\/v2\/pages\/17\/revisions"}],"predecessor-version":[{"id":800,"href":"http:\/\/wordpress.hof-rosenthal.de\/index.php?rest_route=\/wp\/v2\/pages\/17\/revisions\/800"}],"wp:attachment":[{"href":"http:\/\/wordpress.hof-rosenthal.de\/index.php?rest_route=%2Fwp%2Fv2%2Fmedia&parent=17"}],"curies":[{"name":"wp","href":"https:\/\/api.w.org\/{rel}","templated":true}]}}