{"id":786,"date":"2024-03-06T14:38:17","date_gmt":"2024-03-06T14:38:17","guid":{"rendered":"http:\/\/wordpress.hof-rosenthal.de\/?page_id=786"},"modified":"2024-03-06T18:46:15","modified_gmt":"2024-03-06T18:46:15","slug":"schneewittchen-hr-geboren-2019","status":"publish","type":"page","link":"http:\/\/wordpress.hof-rosenthal.de\/?page_id=786","title":{"rendered":"Schneewittchen"},"content":{"rendered":"\n<p>&#8222;Schneewittchen&#8220;, geboren im Fr\u00fchjahr 2019 trabt in vier wei\u00dfen S\u00f6ckchen durchs Reitpferdeleben.<br>Abstammend von &#8222;<a href=\"https:\/\/horse-gate.com\/sezuans-donnerhall\/\" data-type=\"link\" data-id=\"https:\/\/horse-gate.com\/sezuans-donnerhall\/\">Sezuan&#8217;s Donnerhall<\/a>&#8220; x &#8222;<a href=\"http:\/\/www.sportpferde-angerer.at\/sarkozy.htm\" data-type=\"link\" data-id=\"http:\/\/www.sportpferde-angerer.at\/sarkozy.htm\">Sarkozy<\/a>&#8220; vereint sie die besten Eigenschaften beider Linien in sich und stellt ihr Talent im t\u00e4glichen Training unter Beweis.<br>Freundlich, leistungsbereit und stets dem Menschen zugewandt bereitet Schneewittchen nicht nur Freude in der Dressurarbeit, sondern zeigt sich auch an Spr\u00fcngen sowohl frei als auch unter dem Reiter begabt.<br>Gern geht Schneewittchen auch im Gel\u00e4nde spazieren und ist dabei &#8211; Ihrem Alter entsprechend &#8211; neugierig, ausgeglichen und nervenstark. <br>Wie alle Hof Rosenthalpferde ist auch Schneewittchen sowohl beim Tierarzt als auch beim Schmied alleine h\u00e4ndelbar. Sie kennt sowohl Transporter- als auch Anh\u00e4ngerfahren und wird in dieser Saison 2024 Ihre ersten Turnierstarts absolvieren. <\/p>\n\n\n\n<p>Bei Interesse an Schneewittchen vereinbaren Sie bitte einen Termin mit Heike Sahlmann-Schmitz, 0170-4870093<br>Neben Schneewittchen wartet auf Hof Rosenthal stets eine feine Auswahl an solide und altersgerecht vielseitig ausgebildeten Pferden auf ein Kennenlernen mit Ihnen &#8211; vielleicht ist ja auch Ihr Traumpferd dabei?<\/p>\n\n\n\n<figure class=\"wp-block-image size-full\"><img loading=\"lazy\" decoding=\"async\" width=\"344\" height=\"419\" src=\"http:\/\/wordpress.hof-rosenthal.de\/wp-content\/uploads\/2024\/03\/Schneewittchen-4.jpg\" alt=\"\" class=\"wp-image-795\" srcset=\"http:\/\/wordpress.hof-rosenthal.de\/wp-content\/uploads\/2024\/03\/Schneewittchen-4.jpg 344w, http:\/\/wordpress.hof-rosenthal.de\/wp-content\/uploads\/2024\/03\/Schneewittchen-4-246x300.jpg 246w\" sizes=\"(max-width: 344px) 100vw, 344px\" \/><\/figure>\n\n\n\n<figure class=\"wp-block-gallery has-nested-images columns-default is-cropped wp-block-gallery-1 is-layout-flex wp-block-gallery-is-layout-flex\"><\/figure>\n","protected":false},"excerpt":{"rendered":"<p>&#8222;Schneewittchen&#8220;, geboren im Fr\u00fchjahr 2019 trabt in vier wei\u00dfen S\u00f6ckchen durchs Reitpferdeleben.Abstammend von &#8222;Sezuan&#8217;s Donnerhall&#8220; x &#8222;Sarkozy&#8220; vereint sie die besten Eigenschaften beider Linien in sich und stellt ihr Talent im t\u00e4glichen Training unter Beweis.Freundlich, leistungsbereit und stets dem Menschen zugewandt bereitet Schneewittchen nicht nur Freude in der Dressurarbeit, sondern zeigt sich auch an Spr\u00fcngen [&hellip;]<\/p>\n","protected":false},"author":1,"featured_media":0,"parent":0,"menu_order":0,"comment_status":"closed","ping_status":"closed","template":"","meta":{"ngg_post_thumbnail":0,"footnotes":"","gt_page_layout":"","gt_hide_page_title":false,"gt_remove_bottom_margin":false},"_links":{"self":[{"href":"http:\/\/wordpress.hof-rosenthal.de\/index.php?rest_route=\/wp\/v2\/pages\/786"}],"collection":[{"href":"http:\/\/wordpress.hof-rosenthal.de\/index.php?rest_route=\/wp\/v2\/pages"}],"about":[{"href":"http:\/\/wordpress.hof-rosenthal.de\/index.php?rest_route=\/wp\/v2\/types\/page"}],"author":[{"embeddable":true,"href":"http:\/\/wordpress.hof-rosenthal.de\/index.php?rest_route=\/wp\/v2\/users\/1"}],"replies":[{"embeddable":true,"href":"http:\/\/wordpress.hof-rosenthal.de\/index.php?rest_route=%2Fwp%2Fv2%2Fcomments&post=786"}],"version-history":[{"count":8,"href":"http:\/\/wordpress.hof-rosenthal.de\/index.php?rest_route=\/wp\/v2\/pages\/786\/revisions"}],"predecessor-version":[{"id":803,"href":"http:\/\/wordpress.hof-rosenthal.de\/index.php?rest_route=\/wp\/v2\/pages\/786\/revisions\/803"}],"wp:attachment":[{"href":"http:\/\/wordpress.hof-rosenthal.de\/index.php?rest_route=%2Fwp%2Fv2%2Fmedia&parent=786"}],"curies":[{"name":"wp","href":"https:\/\/api.w.org\/{rel}","templated":true}]}}